{"id":97,"date":"2020-03-29T11:42:54","date_gmt":"2020-03-29T11:42:54","guid":{"rendered":"http:\/\/monikalorenz.de\/?page_id=97"},"modified":"2023-10-12T10:35:14","modified_gmt":"2023-10-12T10:35:14","slug":"lebensberatung-naturheilkunde","status":"publish","type":"page","link":"https:\/\/monikalorenz.de\/?page_id=97","title":{"rendered":"Lebensberatung &#038; Naturheilkunde"},"content":{"rendered":"<p><img loading=\"lazy\" class=\"alignnone size-medium wp-image-232\" src=\"http:\/\/monikalorenz.de\/wp-content\/uploads\/2020\/03\/DSC08681-400x300.jpg\" alt=\"\" width=\"400\" height=\"300\" srcset=\"https:\/\/monikalorenz.de\/wp-content\/uploads\/2020\/03\/DSC08681-400x300.jpg 400w, https:\/\/monikalorenz.de\/wp-content\/uploads\/2020\/03\/DSC08681-1024x768.jpg 1024w, https:\/\/monikalorenz.de\/wp-content\/uploads\/2020\/03\/DSC08681-768x576.jpg 768w, https:\/\/monikalorenz.de\/wp-content\/uploads\/2020\/03\/DSC08681-1536x1152.jpg 1536w, https:\/\/monikalorenz.de\/wp-content\/uploads\/2020\/03\/DSC08681-2048x1536.jpg 2048w, https:\/\/monikalorenz.de\/wp-content\/uploads\/2020\/03\/DSC08681-100x75.jpg 100w, https:\/\/monikalorenz.de\/wp-content\/uploads\/2020\/03\/DSC08681-150x113.jpg 150w, https:\/\/monikalorenz.de\/wp-content\/uploads\/2020\/03\/DSC08681-200x150.jpg 200w, https:\/\/monikalorenz.de\/wp-content\/uploads\/2020\/03\/DSC08681-300x225.jpg 300w, https:\/\/monikalorenz.de\/wp-content\/uploads\/2020\/03\/DSC08681-450x338.jpg 450w, https:\/\/monikalorenz.de\/wp-content\/uploads\/2020\/03\/DSC08681-600x450.jpg 600w, https:\/\/monikalorenz.de\/wp-content\/uploads\/2020\/03\/DSC08681-900x675.jpg 900w\" sizes=\"(max-width: 400px) 100vw, 400px\" \/><\/p>\n<ul>\n<li>Beratung und Gespr\u00e4che zu Lebensfragen<\/li>\n<li>Aufstellung von pers\u00f6nlichen Themen, Situationen und Symptomen in Einzelarbeit<\/li>\n<li>Familienaufstellungen<\/li>\n<li>Unterst\u00fctzung durch Heilpflanzen, Bachbl\u00fcten<\/li>\n<li>Empfehlung von Sch\u00fc\u00dfler-Salzen und anderen Mitteln aus der Naturheilkunde<\/li>\n<\/ul>\n","protected":false},"excerpt":{"rendered":"<p>Beratung und Gespr\u00e4che zu Lebensfragen Aufstellung von pers\u00f6nlichen Themen, Situationen und Symptomen in Einzelarbeit Familienaufstellungen Unterst\u00fctzung durch Heilpflanzen, Bachbl\u00fcten Empfehlung von Sch\u00fc\u00dfler-Salzen und anderen Mitteln aus der Naturheilkunde<\/p>\n","protected":false},"author":1,"featured_media":0,"parent":0,"menu_order":0,"comment_status":"closed","ping_status":"closed","template":"","meta":{"spay_email":""},"_links":{"self":[{"href":"https:\/\/monikalorenz.de\/index.php?rest_route=\/wp\/v2\/pages\/97"}],"collection":[{"href":"https:\/\/monikalorenz.de\/index.php?rest_route=\/wp\/v2\/pages"}],"about":[{"href":"https:\/\/monikalorenz.de\/index.php?rest_route=\/wp\/v2\/types\/page"}],"author":[{"embeddable":true,"href":"https:\/\/monikalorenz.de\/index.php?rest_route=\/wp\/v2\/users\/1"}],"replies":[{"embeddable":true,"href":"https:\/\/monikalorenz.de\/index.php?rest_route=%2Fwp%2Fv2%2Fcomments&post=97"}],"version-history":[{"count":6,"href":"https:\/\/monikalorenz.de\/index.php?rest_route=\/wp\/v2\/pages\/97\/revisions"}],"predecessor-version":[{"id":301,"href":"https:\/\/monikalorenz.de\/index.php?rest_route=\/wp\/v2\/pages\/97\/revisions\/301"}],"wp:attachment":[{"href":"https:\/\/monikalorenz.de\/index.php?rest_route=%2Fwp%2Fv2%2Fmedia&parent=97"}],"curies":[{"name":"wp","href":"https:\/\/api.w.org\/{rel}","templated":true}]}}