{"id":94,"date":"2020-03-29T11:42:29","date_gmt":"2020-03-29T11:42:29","guid":{"rendered":"http:\/\/monikalorenz.de\/?page_id=94"},"modified":"2023-10-12T10:33:49","modified_gmt":"2023-10-12T10:33:49","slug":"ernaehrungsberatung","status":"publish","type":"page","link":"https:\/\/monikalorenz.de\/?page_id=94","title":{"rendered":"Ern\u00e4hrungsberatung"},"content":{"rendered":"<p>F\u00fcr Menschen, die bewusst auf ihre t\u00e4gliche Kost schauen und bereit sind, ihre Gewohnheiten zu ver\u00e4ndern.<\/p>\n<p>Eine Ver\u00e4nderung der Ern\u00e4hrungsgewohnheiten kann ein Schritt zu mehr Gesundheit und besserem Befinden sein. Gemeinsam besprechen wir die Mahlzeiten des Tages und Besonderheiten, die f\u00fcr Sie wichtig sind.<\/p>\n<p>Im Vordergrund stehen Ihre Konstitution und Ihre Bed\u00fcrfnisse.<\/p>\n<p>In besonderen Lebenssituationen:<\/p>\n<p>F\u00fcr S\u00e4uglinge, Kinder in Entwicklungskrisen, Schwangere, stillende M\u00fctter &#8230;, bei viel Stress, bei Schlafst\u00f6rungen, nach Infekten &#8230;<br \/>\nkann es eine Hilfe sein, gemeinsam das t\u00e4gliche Essen anzuschauen, Schwerpunkte oder den Rhythmus zu ver\u00e4ndern sowie Ratschl\u00e4ge, Tricks und Rezepte zu erfahren.<\/p>\n<h1>Di\u00e4tberatung:<\/h1>\n<p>Soll im Fall von akuten und chronischen Erkrankungen, Allergien, Unvertr\u00e4glichkeiten oder Beschwerden im Bereich der Verdauung Erleichterung verschaffen bzw. zur Heilung beitragen.<\/p>\n<p>Mit einer \u00e4rztlichen Verordnung ist eine Erstattung durch die meisten gesetzlichen und privaten Krankenkassen m\u00f6glich.<\/p>\n<p>In besonderen F\u00e4llen k\u00f6nnen wir die Beratung auch am Telefon durchf\u00fchren.<\/p>\n<h2>Eine Ver\u00e4nderung der Ern\u00e4hrungsweise kann manches Medikament ersetzen.<\/h2>\n<h1>Gutscheine f\u00fcr Ern\u00e4hrungsberatung<br \/>\n&#8211; nicht nur f\u00fcr Menschen, die abnehmen wollen<\/h1>\n<ul>\n<li>Einzelberatung mit vielen praktischen Tipps und Rezepten<\/li>\n<li>60 Minuten f\u00fcr 60 Euro<\/li>\n<li>Gutscheine k\u00f6nnen direkt bestellt werden bei<\/li>\n<\/ul>\n<p style=\"padding-left: 80px;\">Monika Lorenz Tel. 0351 4061431<br \/>\nE-Mail: info@monikalorenz.de<\/p>\n<p>&nbsp;<\/p>\n","protected":false},"excerpt":{"rendered":"<p>F\u00fcr Menschen, die bewusst auf ihre t\u00e4gliche Kost schauen und bereit sind, ihre Gewohnheiten zu ver\u00e4ndern. Eine Ver\u00e4nderung der Ern\u00e4hrungsgewohnheiten kann ein Schritt zu mehr Gesundheit und besserem Befinden sein. Gemeinsam besprechen wir die Mahlzeiten des Tages und Besonderheiten, die &hellip;<\/p>\n<p class=\"read-more\"> <a class=\"more-link\" href=\"https:\/\/monikalorenz.de\/?page_id=94\"> <span class=\"screen-reader-text\">Ern\u00e4hrungsberatung<\/span> Read More &raquo;<\/a><\/p>\n","protected":false},"author":1,"featured_media":0,"parent":0,"menu_order":0,"comment_status":"closed","ping_status":"closed","template":"","meta":{"spay_email":""},"_links":{"self":[{"href":"https:\/\/monikalorenz.de\/index.php?rest_route=\/wp\/v2\/pages\/94"}],"collection":[{"href":"https:\/\/monikalorenz.de\/index.php?rest_route=\/wp\/v2\/pages"}],"about":[{"href":"https:\/\/monikalorenz.de\/index.php?rest_route=\/wp\/v2\/types\/page"}],"author":[{"embeddable":true,"href":"https:\/\/monikalorenz.de\/index.php?rest_route=\/wp\/v2\/users\/1"}],"replies":[{"embeddable":true,"href":"https:\/\/monikalorenz.de\/index.php?rest_route=%2Fwp%2Fv2%2Fcomments&post=94"}],"version-history":[{"count":22,"href":"https:\/\/monikalorenz.de\/index.php?rest_route=\/wp\/v2\/pages\/94\/revisions"}],"predecessor-version":[{"id":300,"href":"https:\/\/monikalorenz.de\/index.php?rest_route=\/wp\/v2\/pages\/94\/revisions\/300"}],"wp:attachment":[{"href":"https:\/\/monikalorenz.de\/index.php?rest_route=%2Fwp%2Fv2%2Fmedia&parent=94"}],"curies":[{"name":"wp","href":"https:\/\/api.w.org\/{rel}","templated":true}]}}