{"id":34,"date":"2020-03-29T10:18:55","date_gmt":"2020-03-29T10:18:55","guid":{"rendered":"http:\/\/monikalorenz.de\/?page_id=34"},"modified":"2025-09-08T12:46:51","modified_gmt":"2025-09-08T12:46:51","slug":"impressum","status":"publish","type":"page","link":"https:\/\/monikalorenz.de\/?page_id=34","title":{"rendered":"Impressum"},"content":{"rendered":"<p>Betreiber\/Verantwortliche f\u00fcr den Inhalt:<\/p>\n<p>Monika Lorenz<br \/>\nAngelikastr. 4<br \/>\n01099 Dresden<\/p>\n<p>Telefon: 0351 \u2212 4061431<\/p>\n<p>E-Mail: mail (at) monikalorenz.de<br \/>\nInternet: www.monikalorenz.de<\/p>\n<p>Steuernummer: 202\/246\/05782 Finanzamt Dresden-Nord<br \/>\nUSt.-IdNr.: Heilkundliche T\u00e4tigkeit befreit von der Umsatzsteuer gem\u00e4\u00df \u00a7 4 Nr.14 UStG<\/p>\n<p>Wir sind nicht bereit oder verpflichtet, am Streitbeilegungsverfahren vor einer Verbraucherschlichtungsstelle teilzunehmen.<\/p>\n<p>Gesetzliche Berufsbezeichnung: Heilpraktikerin, Ern\u00e4hrungsberaterin<br \/>\nAufsichtsbeh\u00f6rde: Gesundheitsamt in Dresden<\/p>\n<p>Copyright: Urheberschutz und Nutzung: Sie d\u00fcrfen sich eine private Kopie f\u00fcr pers\u00f6nliche Zwecke anfertigen. Nicht berechtigt sind Sie dagegen, die Materialien zu ver\u00e4ndern und \u2013 oder weiter zu geben oder gar selbst zu ver\u00f6ffentlichen. Wenn nicht anders vermerkt, liegen die Urheberrechte f\u00fcr Texte beim Eigent\u00fcmer dieser Webseite.<br \/>\nHaftungsausschluss: Die Inhalte dieser Website wurden sorgf\u00e4ltig gepr\u00fcft und nach bestem Wissen erstellt. Dennoch wird f\u00fcr die hier dargebotenen Informationen kein Anspruch auf Vollst\u00e4ndigkeit, Aktualit\u00e4t, Qualit\u00e4t und Richtigkeit erhoben. Es kann keine Verantwortung f\u00fcr Sch\u00e4den \u00fcbernommen werden, die durch das Vertrauen auf die Inhalte dieser Website oder deren Gebrauch entstehen. Irrt\u00fcmer und \u00c4nderungen sind vorbehalten. Verl\u00e4sst sich ein Anwender auf diese Informationen, so geschieht dies auf eigenes Risiko. Ich \u00e4bernehme keinerlei Verantwortung oder Haftung f\u00fcr Sch\u00e4den jeder Form als Folge der Verwendung dieser Seiten. Ebenfalls erfolgt das Herunterladen von Daten jeder Art auf eigene Gefahr.<\/p>\n<p>HAFTUNG<br \/>\nExterne Links<br \/>\nTrotz sorgf\u00e4ltiger inhaltlicher Kontrolle \u00fcbernehme ich keine Haftung f\u00fcr die Inhalte externer Links. F\u00fcr den Inhalt der verlinkten Seiten sind ausschlie\u00dflich deren Betreiber verantwortlich.<\/p>\n<p>Kommunikation \u00fcber eMail<br \/>\nKommunikation via eMail kann Sicherheitsl\u00fccken aufweisen. Beispielsweise k\u00f6nnen eMails auf ihrem Weg an unsere Mitarbeiter von versierten Internet-Nutzern aufgehalten und eingesehen werden. Sollten wir eine eMail von Ihnen erhalten, so gehen wir davon aus, dass wir zu einer Beantwortung per eMail berechtigt sind. Ansonsten m\u00fcssen Sie ausdr\u00fccklich auf eine andere Art der Kommunikation verweisen.<\/p>\n","protected":false},"excerpt":{"rendered":"<p>Betreiber\/Verantwortliche f\u00fcr den Inhalt: Monika Lorenz Angelikastr. 4 01099 Dresden Telefon: 0351 \u2212 4061431 E-Mail: mail (at) monikalorenz.de Internet: www.monikalorenz.de Steuernummer: 202\/246\/05782 Finanzamt Dresden-Nord USt.-IdNr.: Heilkundliche T\u00e4tigkeit befreit von der Umsatzsteuer gem\u00e4\u00df \u00a7 4 Nr.14 UStG Wir sind nicht bereit &hellip;<\/p>\n<p class=\"read-more\"> <a class=\"more-link\" href=\"https:\/\/monikalorenz.de\/?page_id=34\"> <span class=\"screen-reader-text\">Impressum<\/span> Read More &raquo;<\/a><\/p>\n","protected":false},"author":1,"featured_media":0,"parent":0,"menu_order":0,"comment_status":"closed","ping_status":"closed","template":"","meta":{"spay_email":""},"_links":{"self":[{"href":"https:\/\/monikalorenz.de\/index.php?rest_route=\/wp\/v2\/pages\/34"}],"collection":[{"href":"https:\/\/monikalorenz.de\/index.php?rest_route=\/wp\/v2\/pages"}],"about":[{"href":"https:\/\/monikalorenz.de\/index.php?rest_route=\/wp\/v2\/types\/page"}],"author":[{"embeddable":true,"href":"https:\/\/monikalorenz.de\/index.php?rest_route=\/wp\/v2\/users\/1"}],"replies":[{"embeddable":true,"href":"https:\/\/monikalorenz.de\/index.php?rest_route=%2Fwp%2Fv2%2Fcomments&post=34"}],"version-history":[{"count":5,"href":"https:\/\/monikalorenz.de\/index.php?rest_route=\/wp\/v2\/pages\/34\/revisions"}],"predecessor-version":[{"id":305,"href":"https:\/\/monikalorenz.de\/index.php?rest_route=\/wp\/v2\/pages\/34\/revisions\/305"}],"wp:attachment":[{"href":"https:\/\/monikalorenz.de\/index.php?rest_route=%2Fwp%2Fv2%2Fmedia&parent=34"}],"curies":[{"name":"wp","href":"https:\/\/api.w.org\/{rel}","templated":true}]}}