{"id":108,"date":"2020-03-29T11:47:09","date_gmt":"2020-03-29T11:47:09","guid":{"rendered":"http:\/\/monikalorenz.de\/?page_id=108"},"modified":"2020-04-02T10:30:28","modified_gmt":"2020-04-02T10:30:28","slug":"datenschutz","status":"publish","type":"page","link":"https:\/\/monikalorenz.de\/?page_id=108","title":{"rendered":"Datenschutzerkl\u00e4rung"},"content":{"rendered":"<div id=\"content\" class=\"clearfix\">\n<article id=\"post-2392\" class=\"post-2392 page type-page status-publish hentry\">\n<div class=\"entry-content clearfix\">\n<h2>Wer wir sind<\/h2>\n<p>Die Adresse unserer Website ist: https:\/\/www.monikalorenz.de<br \/>\nDer Betreiber ist hier im <a href=\"https:\/\/monikalorenz.de\/?page_id=34\" target=\"_blank\" rel=\"noopener noreferrer\"><strong>Impressum<\/strong><\/a> aufgef\u00fchrt.<\/p>\n<h2>Datenschutzerkl\u00e4rung<\/h2>\n<p>Soweit nachstehend keine anderen Angaben gemacht werden, ist die Bereitstellung Ihrer personenbezogenen Daten weder gesetzlich oder vertraglich vorgeschrieben noch f\u00fcr einen Vertragsabschluss erforderlich. Sie sind zur Bereitstellung der Daten nicht verpflichtet. Eine Nichtbereitstellung hat keine Folgen. Dies gilt nur soweit bei den nachfolgenden Verarbeitungsvorg\u00e4ngen keine anderweitige Angabe gemacht wird.<br \/>\n\u201ePersonenbezogene Daten\u201c sind alle Informationen, die sich auf eine identifizierte oder identifizierbare nat\u00fcrliche Person beziehen.<\/p>\n<h2>Welche personenbezogenen Daten wir sammeln und warum wir sie sammeln<\/h2>\n<h3>Kommentare<\/h3>\n<p>Auf dieser Webseite ist die Kommentarfunktion deaktiviert.<\/p>\n<h3>Kontaktformulare<\/h3>\n<p>Bei der Nutzung des Kontaktformulars erheben wir Ihre personenbezogenen Daten (Name, E-Mail-Adresse, Nachrichtentext) nur in dem von Ihnen zur Verf\u00fcgung gestellten Umfang. Die Datenverarbeitung dient dem Zweck der Kontaktaufnahme. Mit Absenden Ihrer Nachricht willigen Sie in die Verarbeitung der \u00fcbermittelten Daten ein. Die Verarbeitung erfolgt auf Grundlage des Art. 6 (1) lit. a DSGVO mit Ihrer Einwilligung.<br \/>\nSie k\u00f6nnen Ihre Einwilligung jederzeit durch Mitteilung an uns widerrufen, ohne dass die Rechtm\u00e4\u00dfigkeit der aufgrund der Einwilligung bis zum Widerruf erfolgten Verarbeitung ber\u00fchrt wird. Ihre E-Mail-Adresse nutzen wir nur zur Bearbeitung Ihrer Anfrage. Ihre Daten werden anschlie\u00dfend gel\u00f6scht, sofern Sie der weitergehenden Verarbeitung und Nutzung nicht zugestimmt haben.<\/p>\n<h3>Cookies<\/h3>\n<p>Unsere Website verwendet Cookies. Cookies sind kleine Textdateien, die im Internetbrowser bzw. vom Internetbrowser auf dem Computersystem eines Nutzers gespeichert werden. Ruft ein Nutzer eine Website auf, so kann ein Cookie auf dem Betriebssystem des Nutzers gespeichert werden. Dieser Cookie enth\u00e4lt eine charakteristische Zeichenfolge, die eine eindeutige Identifizierung des Browsers beim erneuten Aufrufen der Website erm\u00f6glicht. Wir setzen Cookies zu dem Zweck ein, unser Angebot nutzerfreundlicher, effektiver und sicherer zu machen. Des Weiteren erm\u00f6glichen Cookies unseren Systemen, Ihren Browser auch nach einem Seitenwechsel zu erkennen und Ihnen Services anzubieten. Einige Funktionen unserer Internetseite k\u00f6nnen ohne den Einsatz von Cookies nicht angeboten werden. F\u00fcr diese ist es erforderlich, dass der Browser auch nach einem Seitenwechsel wiedererkannt wird.<\/p>\n<p>Die Verarbeitung erfolgt auf Grundlage des \u00a7 15 (3) TMG sowie Art. 6 (1) lit. f DSGVO aus dem berechtigten Interesse an den oben genannten Zwecken.<br \/>\nDie auf diese Weise von Ihnen erhobenen Daten werden durch technische Vorkehrungen pseudonymisiert. Eine Zuordnung der Daten zu Ihrer Person ist daher nicht mehr m\u00f6glich. Die Daten werden nicht gemeinsam mit sonstigen personenbezogenen Daten von Ihnen gespeichert.<br \/>\nSie haben das Recht aus Gr\u00fcnden, die sich aus Ihrer besonderen Situation ergeben, jederzeit dieser auf Art. 6 (1) f DSGVO beruhenden Verarbeitung Sie betreffender personenbezogener Daten zu widersprechen.<\/p>\n<p>Cookies werden auf Ihrem Rechner gespeichert. Daher haben Sie die volle Kontrolle \u00fcber die Verwendung von Cookies. Durch die Auswahl entsprechender technischer Einstellungen in Ihrem Internetbrowser k\u00f6nnen Sie die Speicherung der Cookies und \u00dcbermittlung der enthaltenen Daten verhindern. Bereits gespeicherte Cookies k\u00f6nnen jederzeit gel\u00f6scht werden. Wir weisen Sie jedoch darauf hin, dass Sie dann gegebenenfalls nicht s\u00e4mtliche Funktionen dieser Website vollumf\u00e4nglich werden nutzen k\u00f6nnen.<\/p>\n<h3>Server-Logfiles<\/h3>\n<p>Sie k\u00f6nnen unsere Webseiten besuchen, ohne Angaben zu Ihrer Person zu machen. Es werden bei jedem Zugriff auf unsere Website Nutzungsdaten durch Ihren Internetbrowser \u00fcbermittelt und in Protokolldaten (Server-Logfiles) gespeichert. Zu diesen gespeicherten Daten geh\u00f6ren z.B. Name der aufgerufenen Seite, Datum und Uhrzeit des Abrufs, \u00fcbertragene Datenmenge und der anfragende Provider. Diese Daten dienen ausschlie\u00dflich der Gew\u00e4hrleistung eines st\u00f6rungsfreien Betriebs unserer Website und zur Verbesserung unseres Angebotes. Eine Zuordnung dieser Daten zu einer bestimmten Person ist nicht m\u00f6glich.<\/p>\n<h3>Eingebettete Inhalte von anderen Websites<\/h3>\n<p>Beitr\u00e4ge auf dieser Website k\u00f6nnen eingebettete Inhalte beinhalten (z.\u00a0B. Videos, Bilder, Beitr\u00e4ge etc.). Eingebettete Inhalte von anderen Websites verhalten sich exakt so, als ob der Besucher die andere Website besucht h\u00e4tte.<\/p>\n<h3>Mit wem wir Ihre Daten teilen<\/h3>\n<p>Diese Webseite ver\u00f6ffentlicht keine personenbezogenen Daten und gibt sie auch nicht an Dritte weiter.<\/p>\n<h3>Wie lange wir Ihre Daten speichern<\/h3>\n<p>Wenn Sie das Kontaktformular benutzen, wird dadurch eine Email an den Seiteninhaber gesendet. Nach dem Versand dieser Email bleiben keine ins Kontaktformular eingetragenen Inhalte auf dieser Webseite gespeichert. Es verh\u00e4lt sich dann so, als h\u00e4tten Sie mit ihrem eigenen Mailprogramm eine Email an den Seitenbetreiber gesandt; diese Option steht jedem alternativ zur Verf\u00fcgung.<\/p>\n<h2>Weitere Informationen<\/h2>\n<h3>Welche Rechte Sie haben \/ Welche Ma\u00dfnahmen wir bei Datenschutzverletzungen anbieten<\/h3>\n<p>Ihnen stehen bei Vorliegen der gesetzlichen Voraussetzungen folgende Rechte nach Art. 15 bis 20 DSGVO zu: Recht auf Auskunft, auf Berichtigung, auf L\u00f6schung, auf Einschr\u00e4nkung der Verarbeitung, auf Daten\u00fcbertragbarkeit. Da Cookies die Daten pseudonymisieren und eine Identifizierung einer Person unm\u00f6glich macht, kommen die Art. 15 bis 20 aufgrund des Art. 11 DSGVO daf\u00fcr nicht zur Anwendung.<br \/>\nAu\u00dferdem steht Ihnen nach Art. 21 (1) DSGVO ein Widerspruchsrecht gegen die Verarbeitungen zu, die auf Art. 6 (1) f DSGVO beruhen.<br \/>\nUnsererseits sind wir nach Art. 33 DSGVO verpflichtet, Verletzungen des Schutzes personenbezogener Daten unverz\u00fcglich der Aufsichtsbeh\u00f6rde zu melden.<\/p>\n<p>Kontaktieren Sie uns auf Wunsch. Die Kontaktdaten finden Sie in unserem Impressum.<\/p>\n<h3>Beschwerderecht bei der Aufsichtsbeh\u00f6rde<\/h3>\n<p>Sie haben gem\u00e4\u00df Art. 77 DSGVO das Recht, sich bei der Aufsichtsbeh\u00f6rde zu beschweren, wenn Sie der Ansicht sind, dass die Verarbeitung Ihrer personenbezogenen Daten nicht rechtm\u00e4\u00dfig erfolgt.<\/p>\n<\/div>\n<\/article>\n<\/div>\n","protected":false},"excerpt":{"rendered":"<p>Wer wir sind Die Adresse unserer Website ist: https:\/\/www.monikalorenz.de Der Betreiber ist hier im Impressum aufgef\u00fchrt. Datenschutzerkl\u00e4rung Soweit nachstehend keine anderen Angaben gemacht werden, ist die Bereitstellung Ihrer personenbezogenen Daten weder gesetzlich oder vertraglich vorgeschrieben noch f\u00fcr einen Vertragsabschluss erforderlich. &hellip;<\/p>\n<p class=\"read-more\"> <a class=\"more-link\" href=\"https:\/\/monikalorenz.de\/?page_id=108\"> <span class=\"screen-reader-text\">Datenschutzerkl\u00e4rung<\/span> Read More &raquo;<\/a><\/p>\n","protected":false},"author":1,"featured_media":0,"parent":0,"menu_order":0,"comment_status":"closed","ping_status":"closed","template":"","meta":{"spay_email":""},"_links":{"self":[{"href":"https:\/\/monikalorenz.de\/index.php?rest_route=\/wp\/v2\/pages\/108"}],"collection":[{"href":"https:\/\/monikalorenz.de\/index.php?rest_route=\/wp\/v2\/pages"}],"about":[{"href":"https:\/\/monikalorenz.de\/index.php?rest_route=\/wp\/v2\/types\/page"}],"author":[{"embeddable":true,"href":"https:\/\/monikalorenz.de\/index.php?rest_route=\/wp\/v2\/users\/1"}],"replies":[{"embeddable":true,"href":"https:\/\/monikalorenz.de\/index.php?rest_route=%2Fwp%2Fv2%2Fcomments&post=108"}],"version-history":[{"count":5,"href":"https:\/\/monikalorenz.de\/index.php?rest_route=\/wp\/v2\/pages\/108\/revisions"}],"predecessor-version":[{"id":285,"href":"https:\/\/monikalorenz.de\/index.php?rest_route=\/wp\/v2\/pages\/108\/revisions\/285"}],"wp:attachment":[{"href":"https:\/\/monikalorenz.de\/index.php?rest_route=%2Fwp%2Fv2%2Fmedia&parent=108"}],"curies":[{"name":"wp","href":"https:\/\/api.w.org\/{rel}","templated":true}]}}