{"id":100,"date":"2020-03-29T11:43:15","date_gmt":"2020-03-29T11:43:15","guid":{"rendered":"http:\/\/monikalorenz.de\/?page_id=100"},"modified":"2023-10-12T10:39:37","modified_gmt":"2023-10-12T10:39:37","slug":"vortraege-seminare-kochkurse","status":"publish","type":"page","link":"https:\/\/monikalorenz.de\/?page_id=100","title":{"rendered":"Kochkurse, Vortr\u00e4ge, Seminare"},"content":{"rendered":"<h2><img loading=\"lazy\" class=\"alignnone wp-image-205\" src=\"http:\/\/monikalorenz.de\/wp-content\/uploads\/2020\/03\/IMG_0087-300x202.jpg\" alt=\"\" width=\"339\" height=\"228\" srcset=\"https:\/\/monikalorenz.de\/wp-content\/uploads\/2020\/03\/IMG_0087-300x202.jpg 300w, https:\/\/monikalorenz.de\/wp-content\/uploads\/2020\/03\/IMG_0087-1024x690.jpg 1024w, https:\/\/monikalorenz.de\/wp-content\/uploads\/2020\/03\/IMG_0087-768x517.jpg 768w, https:\/\/monikalorenz.de\/wp-content\/uploads\/2020\/03\/IMG_0087-1536x1035.jpg 1536w, https:\/\/monikalorenz.de\/wp-content\/uploads\/2020\/03\/IMG_0087-2048x1380.jpg 2048w, https:\/\/monikalorenz.de\/wp-content\/uploads\/2020\/03\/IMG_0087-100x67.jpg 100w, https:\/\/monikalorenz.de\/wp-content\/uploads\/2020\/03\/IMG_0087-150x101.jpg 150w, https:\/\/monikalorenz.de\/wp-content\/uploads\/2020\/03\/IMG_0087-200x135.jpg 200w, https:\/\/monikalorenz.de\/wp-content\/uploads\/2020\/03\/IMG_0087-450x303.jpg 450w, https:\/\/monikalorenz.de\/wp-content\/uploads\/2020\/03\/IMG_0087-600x404.jpg 600w, https:\/\/monikalorenz.de\/wp-content\/uploads\/2020\/03\/IMG_0087-900x606.jpg 900w\" sizes=\"(max-width: 339px) 100vw, 339px\" \/><\/h2>\n<h2>Thema: &#8222;Anstelle von Wurst und K\u00e4se&#8220;<\/h2>\n<h3>Wir bereiten und verkosten vegetarische Brotaufstriche<\/h3>\n<p>Beschreibung: Doch was streicht man aufs Brot?<\/p>\n<p>F\u00fcr eine vegetarische oder eiwei\u00dfreduzierte Kost gibt es heute viele M\u00f6glichkeiten.<\/p>\n<p>Gemeinsam wollen wir leckere Brotaufstriche aus gesunden Zutaten bereiten und verkosten.<\/p>\n<h2>Vortr\u00e4ge auf Anfrage<\/h2>\n<p>Zu Themen der Ern\u00e4hrung, Natur- und Pflanzenheilkunde sowie der anthroposophischen Natur- und Menschenbetrachtung<\/p>\n<h2><span style=\"color: #ffff99;\"><b>Seminare zu Sch\u00fc\u00dfler-Salzen<\/b><\/span><\/h2>\n<p><b>In der Akademie Corpus et Anima wieder im Januar 2025 oder auf Anfrage<\/b><\/p>\n","protected":false},"excerpt":{"rendered":"<p>Thema: &#8222;Anstelle von Wurst und K\u00e4se&#8220; Wir bereiten und verkosten vegetarische Brotaufstriche Beschreibung: Doch was streicht man aufs Brot? F\u00fcr eine vegetarische oder eiwei\u00dfreduzierte Kost gibt es heute viele M\u00f6glichkeiten. Gemeinsam wollen wir leckere Brotaufstriche aus gesunden Zutaten bereiten und &hellip;<\/p>\n<p class=\"read-more\"> <a class=\"more-link\" href=\"https:\/\/monikalorenz.de\/?page_id=100\"> <span class=\"screen-reader-text\">Kochkurse, Vortr\u00e4ge, Seminare<\/span> Read More &raquo;<\/a><\/p>\n","protected":false},"author":1,"featured_media":0,"parent":0,"menu_order":0,"comment_status":"closed","ping_status":"closed","template":"","meta":{"spay_email":""},"_links":{"self":[{"href":"https:\/\/monikalorenz.de\/index.php?rest_route=\/wp\/v2\/pages\/100"}],"collection":[{"href":"https:\/\/monikalorenz.de\/index.php?rest_route=\/wp\/v2\/pages"}],"about":[{"href":"https:\/\/monikalorenz.de\/index.php?rest_route=\/wp\/v2\/types\/page"}],"author":[{"embeddable":true,"href":"https:\/\/monikalorenz.de\/index.php?rest_route=\/wp\/v2\/users\/1"}],"replies":[{"embeddable":true,"href":"https:\/\/monikalorenz.de\/index.php?rest_route=%2Fwp%2Fv2%2Fcomments&post=100"}],"version-history":[{"count":23,"href":"https:\/\/monikalorenz.de\/index.php?rest_route=\/wp\/v2\/pages\/100\/revisions"}],"predecessor-version":[{"id":304,"href":"https:\/\/monikalorenz.de\/index.php?rest_route=\/wp\/v2\/pages\/100\/revisions\/304"}],"wp:attachment":[{"href":"https:\/\/monikalorenz.de\/index.php?rest_route=%2Fwp%2Fv2%2Fmedia&parent=100"}],"curies":[{"name":"wp","href":"https:\/\/api.w.org\/{rel}","templated":true}]}}